{"id":914,"date":"2023-05-28T18:21:22","date_gmt":"2023-05-28T16:21:22","guid":{"rendered":"https:\/\/www.suaumusic.com\/jose-miguel-penacoba\/"},"modified":"2023-06-24T22:03:24","modified_gmt":"2023-06-24T20:03:24","slug":"jose-miguel-penacoba","status":"publish","type":"page","link":"https:\/\/www.suaumusic.com\/es\/jose-miguel-penacoba\/","title":{"rendered":"Jos\u00e9 Miguel Pe\u00f1acoba"},"content":{"rendered":"<p>[et_pb_section fb_built=\u00bb1&#8243; custom_padding_last_edited=\u00bboff|phone\u00bb admin_label=\u00bbHeader\u00bb _builder_version=\u00bb4.21.0&#8243; background_color_gradient_direction=\u00bb142deg\u00bb background_image=\u00bbhttps:\/\/www.suaumusic.com\/wp-content\/uploads\/2023\/05\/fondo_labanda.jpg\u00bb parallax=\u00bbon\u00bb custom_padding=\u00bb6vw||10vw||false|\u00bb custom_padding_tablet=\u00bb||\u00bb locked=\u00bboff\u00bb collapsed=\u00bboff\u00bb global_colors_info=\u00bb{}\u00bb theme_builder_area=\u00bbpost_content\u00bb][et_pb_row _builder_version=\u00bb4.16&#8243; max_width=\u00bbnone\u00bb custom_padding=\u00bb0px||0px||true|\u00bb global_colors_info=\u00bb{}\u00bb theme_builder_area=\u00bbpost_content\u00bb][et_pb_column type=\u00bb4_4&#8243; _builder_version=\u00bb4.16&#8243; global_colors_info=\u00bb{}\u00bb theme_builder_area=\u00bbpost_content\u00bb][et_pb_text _builder_version=\u00bb4.21.0&#8243; text_font=\u00bbFjalla One|||on|||||\u00bb text_letter_spacing=\u00bb8px\u00bb header_font=\u00bbRoboto|800||on|||||\u00bb header_font_size=\u00bb6vw\u00bb header_letter_spacing=\u00bb0.2em\u00bb header_line_height=\u00bb1.1em\u00bb text_orientation=\u00bbcenter\u00bb background_layout=\u00bbdark\u00bb custom_margin=\u00bb-3vw|||||\u00bb hover_enabled=\u00bb0&#8243; header_font_size_tablet=\u00bb\u00bb header_font_size_phone=\u00bb36px\u00bb header_font_size_last_edited=\u00bbon|phone\u00bb header_letter_spacing_tablet=\u00bb\u00bb header_letter_spacing_phone=\u00bb0em\u00bb header_letter_spacing_last_edited=\u00bbon|desktop\u00bb header_text_shadow_style=\u00bbpreset3&#8243; header_text_shadow_vertical_length=\u00bb-0.03em\u00bb header_text_shadow_blur_strength=\u00bb0.15em\u00bb text_text_align=\u00bbcenter\u00bb global_colors_info=\u00bb{}\u00bb header_text_color__hover_enabled=\u00bbon|desktop\u00bb theme_builder_area=\u00bbpost_content\u00bb sticky_enabled=\u00bb0&#8243;]<\/p>\n<h1>Jos\u00e9 Miguel Pe\u00f1acoba<\/h1>\n<p>Bajista<\/p>\n<p>[\/et_pb_text][\/et_pb_column][\/et_pb_row][\/et_pb_section][et_pb_section fb_built=\u00bb1&#8243; custom_padding_last_edited=\u00bbon|tablet\u00bb admin_label=\u00bbBiography\u00bb _builder_version=\u00bb4.16&#8243; custom_padding=\u00bb100px||100px|||\u00bb custom_padding_tablet=\u00bb50px||100px||false\u00bb custom_padding_phone=\u00bb50px||100px||false\u00bb collapsed=\u00bboff\u00bb global_colors_info=\u00bb{}\u00bb theme_builder_area=\u00bbpost_content\u00bb][et_pb_row _builder_version=\u00bb4.16&#8243; custom_padding=\u00bb0px||0px||true\u00bb global_colors_info=\u00bb{}\u00bb theme_builder_area=\u00bbpost_content\u00bb][et_pb_column type=\u00bb4_4&#8243; _builder_version=\u00bb4.16&#8243; global_colors_info=\u00bb{}\u00bb theme_builder_area=\u00bbpost_content\u00bb][et_pb_text _builder_version=\u00bb4.21.0&#8243; text_font=\u00bbFjalla One|||on|||||\u00bb text_text_color=\u00bbrgba(0,0,0,0.04)\u00bb text_font_size=\u00bb14vw\u00bb text_line_height=\u00bb1em\u00bb header_font=\u00bb||||||||\u00bb custom_margin=\u00bb-3vw||-4vw|-7vw\u00bb custom_margin_phone=\u00bb||0em\u00bb custom_margin_last_edited=\u00bboff|desktop\u00bb mix_blend_mode=\u00bboverlay\u00bb animation_style=\u00bbfade\u00bb animation_direction=\u00bbleft\u00bb animation_duration=\u00bb2000ms\u00bb text_font_size_tablet=\u00bb15vw\u00bb text_font_size_phone=\u00bb\u00bb text_font_size_last_edited=\u00bbon|desktop\u00bb locked=\u00bboff\u00bb global_colors_info=\u00bb{}\u00bb theme_builder_area=\u00bbpost_content\u00bb]<\/p>\n<p>Bio<\/p>\n<p>[\/et_pb_text][\/et_pb_column][\/et_pb_row][et_pb_row column_structure=\u00bb1_2,1_2&#8243; _builder_version=\u00bb4.16&#8243; custom_padding=\u00bb0px||0px||true\u00bb locked=\u00bboff\u00bb global_colors_info=\u00bb{}\u00bb theme_builder_area=\u00bbpost_content\u00bb][et_pb_column type=\u00bb1_2&#8243; _builder_version=\u00bb4.16&#8243; global_colors_info=\u00bb{}\u00bb theme_builder_area=\u00bbpost_content\u00bb][et_pb_text _builder_version=\u00bb4.21.0&#8243; text_font=\u00bb||||||||\u00bb text_font_size=\u00bb16px\u00bb text_line_height=\u00bb1.8em\u00bb header_font=\u00bb||||||||\u00bb header_2_font=\u00bbFjalla One|||on|||||\u00bb header_2_font_size=\u00bb80px\u00bb header_2_line_height=\u00bb1.2em\u00bb width_tablet=\u00bb600px\u00bb width_phone=\u00bb400px\u00bb width_last_edited=\u00bboff|phone\u00bb module_alignment=\u00bbcenter\u00bb hover_enabled=\u00bb0&#8243; header_2_font_size_tablet=\u00bb50px\u00bb header_2_font_size_phone=\u00bb30px\u00bb header_2_font_size_last_edited=\u00bbon|phone\u00bb text_text_align=\u00bbleft\u00bb locked=\u00bboff\u00bb global_colors_info=\u00bb{}\u00bb theme_builder_area=\u00bbpost_content\u00bb sticky_enabled=\u00bb0&#8243;]<\/p>\n<h2>Jos\u00e9 Miguel<\/h2>\n<p>[\/et_pb_text][et_pb_image src=\u00bbhttps:\/\/www.suaumusic.com\/wp-content\/uploads\/2023\/05\/jose_miguel.jpg\u00bb alt=\u00bbJos\u00e9 Miguel Pe\u00f1acoba&#8230;\u00bb title_text=\u00bbJos\u00e9 Miguel Pe\u00f1acoba&#8230;\u00bb _builder_version=\u00bb4.21.0&#8243; _module_preset=\u00bbdefault\u00bb hover_enabled=\u00bb0&#8243; box_shadow_style=\u00bbpreset3&#8243; box_shadow_vertical=\u00bb60px\u00bb box_shadow_blur=\u00bb80px\u00bb box_shadow_spread=\u00bb-40px\u00bb box_shadow_color=\u00bbrgba(0,0,0,0.4)\u00bb global_colors_info=\u00bb{}\u00bb theme_builder_area=\u00bbpost_content\u00bb sticky_enabled=\u00bb0&#8243;][\/et_pb_image][\/et_pb_column][et_pb_column type=\u00bb1_2&#8243; _builder_version=\u00bb4.16&#8243; global_colors_info=\u00bb{}\u00bb theme_builder_area=\u00bbpost_content\u00bb][et_pb_text _builder_version=\u00bb4.21.0&#8243; text_font=\u00bb||||||||\u00bb text_font_size=\u00bb16px\u00bb text_line_height=\u00bb1.8em\u00bb header_font=\u00bb||||||||\u00bb header_2_font=\u00bbFjalla One|||on|||||\u00bb header_2_font_size=\u00bb80px\u00bb header_2_line_height=\u00bb1.2em\u00bb width_tablet=\u00bb600px\u00bb width_phone=\u00bb400px\u00bb width_last_edited=\u00bboff|phone\u00bb max_width=\u00bb600px\u00bb module_alignment=\u00bbcenter\u00bb hover_enabled=\u00bb0&#8243; header_2_font_size_tablet=\u00bb50px\u00bb header_2_font_size_phone=\u00bb30px\u00bb header_2_font_size_last_edited=\u00bbon|phone\u00bb text_text_align=\u00bbleft\u00bb locked=\u00bboff\u00bb global_colors_info=\u00bb{}\u00bb theme_builder_area=\u00bbpost_content\u00bb sticky_enabled=\u00bb0&#8243;]<\/p>\n<p>Comenz\u00f3 su marcha musical en 1997 como guitarrista autodidacta que completaba su aprendizaje tocando en bandas con grandes m\u00fasicos del panorama pop rock valenciano como David Garzinsky, Jos\u00e9 Arocas y Juan Ull. Pronto se interes\u00f3 por el bajo el\u00e9ctrico aprendiendo de forma autodidacta y completando su aprendizaje tocando en bandas, desde 2005 a 2013, como \u201cLa Banda Clown\u201d, \u201cCapit\u00e1n Blues\u201d, \u201cAlter Eco\u201d, \u201cPaco Mira\u201d y \u201cL &#8216;Orquesta Renacer\u201d, con los que adem\u00e1s de grabar y editar varios \u00e1lbumes trabaj\u00f3 en sus giras compartiendo escenario con grupos y artistas de la talla de \u201cLoquillo y los Trogol\u00edtas\u201d, \u201cMclan\u201d, \u201cLos Secretos\u201d,\u201d Iv\u00e1n Ferreiro\u201d, \u201cMiguel R\u00edos\u201d, \u201cCeltas Cortos\u201d, \u201cAmaral\u201d, \u201cMalu\u201d y el Canto del Loco entre otros.<\/p>\n<p>En octubre de 2021 entra a formar parte del proyecto SUAU, atra\u00eddo por el compromiso de la formaci\u00f3n a plasmar de una forma honesta las emociones y espiritualidad del ser humano con la creatividad musical y la literalidad de sus letras, al lado de la cr\u00edtica social y la descripci\u00f3n de la realidad en \u00e9stas.<\/p>\n<p>En la actualidad con el grupo SUAU realiza varios conciertos y la grabaci\u00f3n del primer EP del Grupo.<\/p>\n<p>Sigue form\u00e1ndose con el bajista Miki Santamaria y los guitarristas F\u00e9lix Santos y Tano Lunghitano.<\/p>\n<p>Sus influencias son los grandes artistas del Blues, del Rock y del Pop como The Beatles, Rolling Stones, Eric Clapton, Supertramp, Dire Straits, Police, U2, Bruce Springsteeng, Heroes del Silencio, Love of Lesbian, Ivan Ferreiro y muchos m\u00e1s.<\/p>\n<p>[\/et_pb_text][\/et_pb_column][\/et_pb_row][\/et_pb_section]<\/p>\n","protected":false},"excerpt":{"rendered":"<p>Jos\u00e9 Miguel Pe\u00f1acoba BajistaBioJos\u00e9 MiguelComenz\u00f3 su marcha musical en 1997 como guitarrista autodidacta que completaba su aprendizaje tocando en bandas con grandes m\u00fasicos del panorama pop rock valenciano como David Garzinsky, Jos\u00e9 Arocas y Juan Ull. Pronto se interes\u00f3 por el bajo el\u00e9ctrico aprendiendo de forma autodidacta y completando su aprendizaje tocando en bandas, desde [&hellip;]<\/p>\n","protected":false},"author":1,"featured_media":0,"parent":0,"menu_order":0,"comment_status":"closed","ping_status":"closed","template":"","meta":{"_et_pb_use_builder":"on","_et_pb_old_content":"","_et_gb_content_width":"","footnotes":""},"class_list":["post-914","page","type-page","status-publish","hentry"],"yoast_head":"<!-- This site is optimized with the Yoast SEO plugin v27.3 - https:\/\/yoast.com\/product\/yoast-seo-wordpress\/ -->\n<title>Jos\u00e9 Miguel Pe\u00f1acoba - Suau<\/title>\n<meta name=\"robots\" content=\"index, follow, max-snippet:-1, max-image-preview:large, max-video-preview:-1\" \/>\n<link rel=\"canonical\" href=\"https:\/\/www.suaumusic.com\/es\/jose-miguel-penacoba\/\" \/>\n<meta property=\"og:locale\" content=\"es_ES\" \/>\n<meta property=\"og:type\" content=\"article\" \/>\n<meta property=\"og:title\" content=\"Jos\u00e9 Miguel Pe\u00f1acoba - Suau\" \/>\n<meta property=\"og:description\" content=\"Jos\u00e9 Miguel Pe\u00f1acoba BajistaBioJos\u00e9 MiguelComenz\u00f3 su marcha musical en 1997 como guitarrista autodidacta que completaba su aprendizaje tocando en bandas con grandes m\u00fasicos del panorama pop rock valenciano como David Garzinsky, Jos\u00e9 Arocas y Juan Ull. Pronto se interes\u00f3 por el bajo el\u00e9ctrico aprendiendo de forma autodidacta y completando su aprendizaje tocando en bandas, desde [&hellip;]\" \/>\n<meta property=\"og:url\" content=\"https:\/\/www.suaumusic.com\/es\/jose-miguel-penacoba\/\" \/>\n<meta property=\"og:site_name\" content=\"Suau\" \/>\n<meta property=\"article:publisher\" content=\"https:\/\/m.facebook.com\/profile.php?id=100081334911215\" \/>\n<meta property=\"article:modified_time\" content=\"2023-06-24T20:03:24+00:00\" \/>\n<meta property=\"og:image\" content=\"https:\/\/www.suaumusic.com\/wp-content\/uploads\/2023\/05\/portada.jpg\" \/>\n\t<meta property=\"og:image:width\" content=\"1920\" \/>\n\t<meta property=\"og:image:height\" content=\"1280\" \/>\n\t<meta property=\"og:image:type\" content=\"image\/jpeg\" \/>\n<meta name=\"twitter:card\" content=\"summary_large_image\" \/>\n<meta name=\"twitter:label1\" content=\"Tiempo de lectura\" \/>\n\t<meta name=\"twitter:data1\" content=\"5 minutos\" \/>\n<script type=\"application\/ld+json\" class=\"yoast-schema-graph\">{\"@context\":\"https:\\\/\\\/schema.org\",\"@graph\":[{\"@type\":\"WebPage\",\"@id\":\"https:\\\/\\\/www.suaumusic.com\\\/es\\\/jose-miguel-penacoba\\\/\",\"url\":\"https:\\\/\\\/www.suaumusic.com\\\/es\\\/jose-miguel-penacoba\\\/\",\"name\":\"Jos\u00e9 Miguel Pe\u00f1acoba - Suau\",\"isPartOf\":{\"@id\":\"https:\\\/\\\/www.suaumusic.com\\\/es\\\/#website\"},\"datePublished\":\"2023-05-28T16:21:22+00:00\",\"dateModified\":\"2023-06-24T20:03:24+00:00\",\"breadcrumb\":{\"@id\":\"https:\\\/\\\/www.suaumusic.com\\\/es\\\/jose-miguel-penacoba\\\/#breadcrumb\"},\"inLanguage\":\"es\",\"potentialAction\":[{\"@type\":\"ReadAction\",\"target\":[\"https:\\\/\\\/www.suaumusic.com\\\/es\\\/jose-miguel-penacoba\\\/\"]}]},{\"@type\":\"BreadcrumbList\",\"@id\":\"https:\\\/\\\/www.suaumusic.com\\\/es\\\/jose-miguel-penacoba\\\/#breadcrumb\",\"itemListElement\":[{\"@type\":\"ListItem\",\"position\":1,\"name\":\"Inici\",\"item\":\"https:\\\/\\\/www.suaumusic.com\\\/es\\\/\"},{\"@type\":\"ListItem\",\"position\":2,\"name\":\"Jos\u00e9 Miguel Pe\u00f1acoba\"}]},{\"@type\":\"WebSite\",\"@id\":\"https:\\\/\\\/www.suaumusic.com\\\/es\\\/#website\",\"url\":\"https:\\\/\\\/www.suaumusic.com\\\/es\\\/\",\"name\":\"Suau\",\"description\":\"Grupo Musical\",\"publisher\":{\"@id\":\"https:\\\/\\\/www.suaumusic.com\\\/es\\\/#organization\"},\"alternateName\":\"Suau\",\"potentialAction\":[{\"@type\":\"SearchAction\",\"target\":{\"@type\":\"EntryPoint\",\"urlTemplate\":\"https:\\\/\\\/www.suaumusic.com\\\/es\\\/?s={search_term_string}\"},\"query-input\":{\"@type\":\"PropertyValueSpecification\",\"valueRequired\":true,\"valueName\":\"search_term_string\"}}],\"inLanguage\":\"es\"},{\"@type\":\"Organization\",\"@id\":\"https:\\\/\\\/www.suaumusic.com\\\/es\\\/#organization\",\"name\":\"Suau\",\"alternateName\":\"Suau\",\"url\":\"https:\\\/\\\/www.suaumusic.com\\\/es\\\/\",\"logo\":{\"@type\":\"ImageObject\",\"inLanguage\":\"es\",\"@id\":\"https:\\\/\\\/www.suaumusic.com\\\/es\\\/#\\\/schema\\\/logo\\\/image\\\/\",\"url\":\"https:\\\/\\\/www.suaumusic.com\\\/wp-content\\\/uploads\\\/2023\\\/05\\\/portada.jpg\",\"contentUrl\":\"https:\\\/\\\/www.suaumusic.com\\\/wp-content\\\/uploads\\\/2023\\\/05\\\/portada.jpg\",\"width\":1920,\"height\":1280,\"caption\":\"Suau\"},\"image\":{\"@id\":\"https:\\\/\\\/www.suaumusic.com\\\/es\\\/#\\\/schema\\\/logo\\\/image\\\/\"},\"sameAs\":[\"https:\\\/\\\/m.facebook.com\\\/profile.php?id=100081334911215\"]}]}<\/script>\n<!-- \/ Yoast SEO plugin. -->","yoast_head_json":{"title":"Jos\u00e9 Miguel Pe\u00f1acoba - Suau","robots":{"index":"index","follow":"follow","max-snippet":"max-snippet:-1","max-image-preview":"max-image-preview:large","max-video-preview":"max-video-preview:-1"},"canonical":"https:\/\/www.suaumusic.com\/es\/jose-miguel-penacoba\/","og_locale":"es_ES","og_type":"article","og_title":"Jos\u00e9 Miguel Pe\u00f1acoba - Suau","og_description":"Jos\u00e9 Miguel Pe\u00f1acoba BajistaBioJos\u00e9 MiguelComenz\u00f3 su marcha musical en 1997 como guitarrista autodidacta que completaba su aprendizaje tocando en bandas con grandes m\u00fasicos del panorama pop rock valenciano como David Garzinsky, Jos\u00e9 Arocas y Juan Ull. Pronto se interes\u00f3 por el bajo el\u00e9ctrico aprendiendo de forma autodidacta y completando su aprendizaje tocando en bandas, desde [&hellip;]","og_url":"https:\/\/www.suaumusic.com\/es\/jose-miguel-penacoba\/","og_site_name":"Suau","article_publisher":"https:\/\/m.facebook.com\/profile.php?id=100081334911215","article_modified_time":"2023-06-24T20:03:24+00:00","og_image":[{"width":1920,"height":1280,"url":"https:\/\/www.suaumusic.com\/wp-content\/uploads\/2023\/05\/portada.jpg","type":"image\/jpeg"}],"twitter_card":"summary_large_image","twitter_misc":{"Tiempo de lectura":"5 minutos"},"schema":{"@context":"https:\/\/schema.org","@graph":[{"@type":"WebPage","@id":"https:\/\/www.suaumusic.com\/es\/jose-miguel-penacoba\/","url":"https:\/\/www.suaumusic.com\/es\/jose-miguel-penacoba\/","name":"Jos\u00e9 Miguel Pe\u00f1acoba - Suau","isPartOf":{"@id":"https:\/\/www.suaumusic.com\/es\/#website"},"datePublished":"2023-05-28T16:21:22+00:00","dateModified":"2023-06-24T20:03:24+00:00","breadcrumb":{"@id":"https:\/\/www.suaumusic.com\/es\/jose-miguel-penacoba\/#breadcrumb"},"inLanguage":"es","potentialAction":[{"@type":"ReadAction","target":["https:\/\/www.suaumusic.com\/es\/jose-miguel-penacoba\/"]}]},{"@type":"BreadcrumbList","@id":"https:\/\/www.suaumusic.com\/es\/jose-miguel-penacoba\/#breadcrumb","itemListElement":[{"@type":"ListItem","position":1,"name":"Inici","item":"https:\/\/www.suaumusic.com\/es\/"},{"@type":"ListItem","position":2,"name":"Jos\u00e9 Miguel Pe\u00f1acoba"}]},{"@type":"WebSite","@id":"https:\/\/www.suaumusic.com\/es\/#website","url":"https:\/\/www.suaumusic.com\/es\/","name":"Suau","description":"Grupo Musical","publisher":{"@id":"https:\/\/www.suaumusic.com\/es\/#organization"},"alternateName":"Suau","potentialAction":[{"@type":"SearchAction","target":{"@type":"EntryPoint","urlTemplate":"https:\/\/www.suaumusic.com\/es\/?s={search_term_string}"},"query-input":{"@type":"PropertyValueSpecification","valueRequired":true,"valueName":"search_term_string"}}],"inLanguage":"es"},{"@type":"Organization","@id":"https:\/\/www.suaumusic.com\/es\/#organization","name":"Suau","alternateName":"Suau","url":"https:\/\/www.suaumusic.com\/es\/","logo":{"@type":"ImageObject","inLanguage":"es","@id":"https:\/\/www.suaumusic.com\/es\/#\/schema\/logo\/image\/","url":"https:\/\/www.suaumusic.com\/wp-content\/uploads\/2023\/05\/portada.jpg","contentUrl":"https:\/\/www.suaumusic.com\/wp-content\/uploads\/2023\/05\/portada.jpg","width":1920,"height":1280,"caption":"Suau"},"image":{"@id":"https:\/\/www.suaumusic.com\/es\/#\/schema\/logo\/image\/"},"sameAs":["https:\/\/m.facebook.com\/profile.php?id=100081334911215"]}]}},"_links":{"self":[{"href":"https:\/\/www.suaumusic.com\/es\/wp-json\/wp\/v2\/pages\/914","targetHints":{"allow":["GET"]}}],"collection":[{"href":"https:\/\/www.suaumusic.com\/es\/wp-json\/wp\/v2\/pages"}],"about":[{"href":"https:\/\/www.suaumusic.com\/es\/wp-json\/wp\/v2\/types\/page"}],"author":[{"embeddable":true,"href":"https:\/\/www.suaumusic.com\/es\/wp-json\/wp\/v2\/users\/1"}],"replies":[{"embeddable":true,"href":"https:\/\/www.suaumusic.com\/es\/wp-json\/wp\/v2\/comments?post=914"}],"version-history":[{"count":3,"href":"https:\/\/www.suaumusic.com\/es\/wp-json\/wp\/v2\/pages\/914\/revisions"}],"predecessor-version":[{"id":917,"href":"https:\/\/www.suaumusic.com\/es\/wp-json\/wp\/v2\/pages\/914\/revisions\/917"}],"wp:attachment":[{"href":"https:\/\/www.suaumusic.com\/es\/wp-json\/wp\/v2\/media?parent=914"}],"curies":[{"name":"wp","href":"https:\/\/api.w.org\/{rel}","templated":true}]}}